{"id":271,"date":"2022-09-26T13:35:55","date_gmt":"2022-09-26T10:35:55","guid":{"rendered":"https:\/\/www.paskolubrokeris.lt\/?page_id=271"},"modified":"2022-09-26T14:56:26","modified_gmt":"2022-09-26T11:56:26","slug":"busto-paskola","status":"publish","type":"page","link":"https:\/\/www.paskolubrokeris.lt\/en\/busto-paskola\/","title":{"rendered":"B\u016bsto paskola"},"content":{"rendered":"\n<p><\/p>\n\n\n\n<p><em><strong>B\u016bsto paskolos<\/strong><\/em><\/p>\n\n\n\n<p>Padedame gauti b\u016bsto paskolas &#8211; but\u0173, nam\u0173 pirkimui, statybai, \u012frengimui ar remontui visoje Lietuvoje:<\/p>\n\n\n\n<ol><li>Gyvenantiems Lietuvoje ir u\u017esienyje;<\/li><li>Gaunantiems pajamas EUR ar kita valiuta (GBP, NOK, SEK ir pan.);<\/li><li>Dirbantiems pagal darbo sutart\u012f, individuali\u0105 veikl\u0105 ar gaunantiems kitas oficialias pajamas.<\/li><li>Padedame paskolas refinansuoti \u2013 didinant sum\u0105 ar kei\u010diant kitas s\u0105lygas.<\/li><li>Statant nam\u0105, paskol\u0105 galime pad\u0117ti gauti paskol\u0105 nuo pat sklypo \u012fsigijimo.<\/li><\/ol>\n\n\n\n<p>Paskolos trukm\u0117 \u2013 iki 30 met\u0173, suma \u2013 iki 85 proc. perkamo (\u012frengiamo, remontuojamo) b\u016bsto vert\u0117s. Suma gali b\u016bti didesn\u0117 \u012fkei\u010diant papildom\u0105 turt\u0105.<\/p>\n\n\n\n<p>UAB \u201ePaskol\u0173 brokeris\u201c \u012ftrauktas \u012f Lietuvos banko oficial\u0173 nepriklausom\u0173 b\u016bsto paskol\u0173 tarpinink\u0173 s\u0105ra\u0161\u0105.<\/p>\n","protected":false},"excerpt":{"rendered":"<p>B\u016bsto paskolos Padedame gauti b\u016bsto paskolas &#8211; but\u0173, nam\u0173 pirkimui, statybai, \u012frengimui ar remontui visoje Lietuvoje: Gyvenantiems Lietuvoje ir u\u017esienyje; Gaunantiems pajamas EUR ar kita valiuta (GBP, NOK, SEK ir pan.); Dirbantiems pagal darbo sutart\u012f, individuali\u0105 veikl\u0105 ar gaunantiems kitas oficialias pajamas. Padedame paskolas refinansuoti \u2013 didinant sum\u0105 ar kei\u010diant kitas s\u0105lygas. Statant nam\u0105, paskol\u0105 [&hellip;]<\/p>\n","protected":false},"author":1,"featured_media":0,"parent":0,"menu_order":0,"comment_status":"closed","ping_status":"closed","template":"loans-page.php","meta":[],"acf":[],"aioseo_notices":[],"_links":{"self":[{"href":"https:\/\/www.paskolubrokeris.lt\/en\/wp-json\/wp\/v2\/pages\/271"}],"collection":[{"href":"https:\/\/www.paskolubrokeris.lt\/en\/wp-json\/wp\/v2\/pages"}],"about":[{"href":"https:\/\/www.paskolubrokeris.lt\/en\/wp-json\/wp\/v2\/types\/page"}],"author":[{"embeddable":true,"href":"https:\/\/www.paskolubrokeris.lt\/en\/wp-json\/wp\/v2\/users\/1"}],"replies":[{"embeddable":true,"href":"https:\/\/www.paskolubrokeris.lt\/en\/wp-json\/wp\/v2\/comments?post=271"}],"version-history":[{"count":3,"href":"https:\/\/www.paskolubrokeris.lt\/en\/wp-json\/wp\/v2\/pages\/271\/revisions"}],"predecessor-version":[{"id":284,"href":"https:\/\/www.paskolubrokeris.lt\/en\/wp-json\/wp\/v2\/pages\/271\/revisions\/284"}],"wp:attachment":[{"href":"https:\/\/www.paskolubrokeris.lt\/en\/wp-json\/wp\/v2\/media?parent=271"}],"curies":[{"name":"wp","href":"https:\/\/api.w.org\/{rel}","templated":true}]}}